{"id":6981,"date":"2026-02-03T14:57:09","date_gmt":"2026-02-03T13:57:09","guid":{"rendered":"https:\/\/finberg.ch\/?page_id=6981"},"modified":"2026-02-05T11:08:45","modified_gmt":"2026-02-05T10:08:45","slug":"pension-planning-basel-your-expert-in-the-region","status":"publish","type":"page","link":"https:\/\/finberg.ch\/en\/pension-planning-basel-your-expert-in-the-region\/","title":{"rendered":"Pension planning Basel"},"content":{"rendered":"<div data-elementor-type=\"wp-page\" data-elementor-id=\"6981\" class=\"elementor elementor-6981\" data-elementor-post-type=\"page\">\n\t\t\t\t\t\t<section data-particle_enable=\"false\" data-particle-mobile-disabled=\"false\" class=\"elementor-section elementor-top-section elementor-element elementor-element-3c9510d1 elementor-section-full_width elementor-section-height-default elementor-section-height-default\" data-id=\"3c9510d1\" data-element_type=\"section\" data-settings=\"{&quot;background_background&quot;:&quot;classic&quot;}\">\n\t\t\t\t\t\t<div class=\"elementor-container elementor-column-gap-default\">\n\t\t\t\t\t<div class=\"elementor-column elementor-col-100 elementor-top-column elementor-element elementor-element-35f1dd37\" data-id=\"35f1dd37\" data-element_type=\"column\">\n\t\t\t<div class=\"elementor-widget-wrap elementor-element-populated\">\n\t\t\t\t\t\t<div class=\"elementor-element elementor-element-65574c38 elementor-widget elementor-widget-heading\" data-id=\"65574c38\" data-element_type=\"widget\" data-widget_type=\"heading.default\">\n\t\t\t\t<div class=\"elementor-widget-container\">\n\t\t\t\t\t<h2 class=\"elementor-heading-title elementor-size-default\">Pension planning Basel<\/h2>\t\t\t\t<\/div>\n\t\t\t\t<\/div>\n\t\t\t\t\t<\/div>\n\t\t<\/div>\n\t\t\t\t\t<\/div>\n\t\t<\/section>\n\t\t\t\t<section data-particle_enable=\"false\" data-particle-mobile-disabled=\"false\" class=\"elementor-section elementor-top-section elementor-element elementor-element-ec976f4 elementor-section-boxed elementor-section-height-default elementor-section-height-default\" data-id=\"ec976f4\" data-element_type=\"section\">\n\t\t\t\t\t\t<div class=\"elementor-container elementor-column-gap-default\">\n\t\t\t\t\t<div class=\"elementor-column elementor-col-100 elementor-top-column elementor-element elementor-element-a6f630b\" data-id=\"a6f630b\" data-element_type=\"column\">\n\t\t\t<div class=\"elementor-widget-wrap elementor-element-populated\">\n\t\t\t\t\t\t<div class=\"elementor-element elementor-element-a458f21 elementor-widget elementor-widget-text-editor\" data-id=\"a458f21\" data-element_type=\"widget\" data-widget_type=\"text-editor.default\">\n\t\t\t\t<div class=\"elementor-widget-container\">\n\t\t\t\t\t\t\t\t\t<p>Basel is one of the most economically, culturally and socially important regions in Switzerland. Its location in the border triangle, the high quality of life, a wide range of cultural activities and excellent medical care make Basel an attractive place to live and work for many people, even beyond their working life. At the same time, the region is characterised by its cantonal structure, which plays an important role in everyday life as well as in financial and legal matters.<\/p>\n<p data-start=\"746\" data-end=\"1253\">These differences become particularly important in the transition to retirement, when questions about income, pension and retirement age arise, <a href=\"https:\/\/finberg.ch\/en\/provision\/\">Prevention<\/a>, <a href=\"https:\/\/finberg.ch\/en\/tax-consultancy-basel\/\">Taxes<\/a>housing and health care must be reassessed.<\/p>\n<p data-start=\"1255\" data-end=\"1890\">Forward-looking pension planning therefore takes into account not only the personal pension situation, but also the regional circumstances of the Basel cantons. Aspects such as the place of residence at the time of retirement, the tax treatment of pension benefits and possible changes in life situation, such as a move within the region or a move abroad, can have a lasting impact on financial planning.&nbsp;<\/p>\n<h3>Differences in lump-sum withdrawals in the cantons of BL and BS<\/h3>\n<p>There are also significant differences when it comes to the withdrawal of pension assets. In the following comparison, we have compared the place of residence Basel-Stadt with Liestal. The couple each receive CHF 500,000 from the 2nd pillar.  If they were resident in Liestal, the lump-sum benefit tax would be around CHF 26,000 lower than in Basel.<\/p>\n<blockquote><img fetchpriority=\"high\" decoding=\"async\" src=\"https:\/\/finberg.ch\/wp-content\/uploads\/2026\/02\/Vergleich-BLBS.png\" alt=\"\" width=\"1905\" height=\"933\">&nbsp;<span style=\"font-size: 1rem;\">Pension planning Basel; comparison Basel-Stadt - Liestal, Omnium<\/span><\/blockquote>\n<h3 style=\"color: #a4978a; font-family: -apple-system, BlinkMacSystemFont, 'Segoe UI', Roboto, 'Helvetica Neue', Arial, 'Noto Sans', sans-serif, 'Apple Color Emoji', 'Segoe UI Emoji', 'Segoe UI Symbol', 'Noto Color Emoji';\" data-elementor-setting-key=\"title\" data-pen-placeholder=\"Eingabe hier...\">Our advice - your added value<\/h3>\n<div><span data-start=\"155\" data-end=\"188\">Your pension planning <\/span>we provide personal, individual and independent support. In Basel-Stadt, Basel-Landschaft, the Dorneck region and neighbouring Aargau. Together, we examine all the options, be it tax, financial or organisational, so that you can start your retirement in a relaxed and well-prepared manner.<\/div>\n<div>&nbsp;<\/div>\n<h4>Local authorities and important links<\/h4>\n<p><strong>Basel-Landschaft:<\/strong><\/p>\n<p><a href=\"https:\/\/www.baselland.ch\/politik-und-behorden\/direktionen\/finanz-und-kirchendirektion\/steuerverwaltung\" target=\"_blank\" rel=\"noopener\">Basel-Landschaft Tax Administration<\/a><br><a href=\"https:\/\/www.baselland.ch\/politik-und-behorden\/direktionen\/finanz-und-kirchendirektion\/steuerverwaltung\/steuerzahlungen\/steuerrechner\" target=\"_blank\" rel=\"noopener\">Tax calculator Basel-Landschaft<\/a><br><a href=\"https:\/\/www.baselland.ch\/politik-und-behorden\/direktionen\/sicherheitsdirektion\/zivilrechtsverwaltung\/grundbuchamt\" target=\"_blank\" rel=\"noopener\">Basel-Landschaft land bay office<\/a><br><a href=\"https:\/\/www.baselland.ch\/politik-und-behorden\/direktionen\/sicherheitsdirektion\/zivilrechtsverwaltung\/erbschaftsamt\" target=\"_blank\" rel=\"noopener\">Basel-Landschaft Inheritance Office<\/a><span style=\"font-size: 1rem;\">&nbsp;<\/span><\/p>\n<div>\n<p><strong>Basel-Stadt:<\/strong><\/p>\n<p><a href=\"https:\/\/www.bs.ch\/fd\/steuerverwaltung\" target=\"_blank\" rel=\"noopener\">Basel-Stadt Tax Administration<\/a><br><a href=\"https:\/\/www.bs.ch\/verwaltung\/finanzdepartement\/aemter-und-bereiche\/steuerverwaltung\/steuerrechner-fuer-natuerliche-personen\" target=\"_blank\" rel=\"noopener\">Tax calculator Basel-Stadt<\/a><br><a href=\"https:\/\/www.bs.ch\/bvd\/grundbuch-und-vermessungsamt\" target=\"_blank\" rel=\"noopener\">Basel-Stadt Land Registry<\/a><br><a href=\"https:\/\/www.bs.ch\/gerichte-judikative\/erbschaftsamt\" target=\"_blank\" rel=\"noopener\">Basel-Stadt Inheritance Office<\/a><\/p>\n<\/div>\n<p><strong>Solothurn:<\/strong><\/p>\n<p><a href=\"https:\/\/so.ch\/verwaltung\/finanzdepartement\/steueramt\/rechtliche-grundlagen\/aenderungen\/totalrevision-der-katasterschaetzung\/landwerte\/dorneck-thierstein\/\" target=\"_blank\" rel=\"noopener\">Tax administration Solothurn\/Dorneck<\/a><br><a href=\"https:\/\/so.ch\/verwaltung\/finanzdepartement\/amtschreibereien\/geschaeftsstellen\/dorneck\/#c160772\" target=\"_blank\" rel=\"noopener\">Dorneck Clerk's Office<\/a><\/p>\t\t\t\t\t\t\t\t<\/div>\n\t\t\t\t<\/div>\n\t\t\t\t<div class=\"elementor-element elementor-element-29c7683 elementor-align-left elementor-mobile-align-center elementor-widget elementor-widget-button\" data-id=\"29c7683\" data-element_type=\"widget\" data-widget_type=\"button.default\">\n\t\t\t\t<div class=\"elementor-widget-container\">\n\t\t\t\t\t\t\t\t\t<div class=\"elementor-button-wrapper\">\n\t\t\t\t\t<a class=\"elementor-button elementor-button-link elementor-size-sm\" href=\"https:\/\/finberg.ch\/en\/contact-counselling\/\">\n\t\t\t\t\t\t<span class=\"elementor-button-content-wrapper\">\n\t\t\t\t\t\t\t\t\t<span class=\"elementor-button-text\">Agree pension planning<\/span>\n\t\t\t\t\t<\/span>\n\t\t\t\t\t<\/a>\n\t\t\t\t<\/div>\n\t\t\t\t\t\t\t\t<\/div>\n\t\t\t\t<\/div>\n\t\t\t\t\t<\/div>\n\t\t<\/div>\n\t\t\t\t\t<\/div>\n\t\t<\/section>\n\t\t\t\t<section data-particle_enable=\"false\" data-particle-mobile-disabled=\"false\" class=\"elementor-section elementor-top-section elementor-element elementor-element-01b01b0 elementor-section-boxed elementor-section-height-default elementor-section-height-default\" data-id=\"01b01b0\" data-element_type=\"section\">\n\t\t\t\t\t\t<div class=\"elementor-container elementor-column-gap-default\">\n\t\t\t\t\t<div class=\"elementor-column elementor-col-100 elementor-top-column elementor-element elementor-element-8a19e0c\" data-id=\"8a19e0c\" data-element_type=\"column\">\n\t\t\t<div class=\"elementor-widget-wrap\">\n\t\t\t\t\t\t\t<\/div>\n\t\t<\/div>\n\t\t\t\t\t<\/div>\n\t\t<\/section>\n\t\t\t\t<section data-particle_enable=\"false\" data-particle-mobile-disabled=\"false\" class=\"elementor-section elementor-top-section elementor-element elementor-element-901132f elementor-reverse-mobile elementor-section-boxed elementor-section-height-default elementor-section-height-default\" data-id=\"901132f\" data-element_type=\"section\">\n\t\t\t\t\t\t<div class=\"elementor-container elementor-column-gap-default\">\n\t\t\t\t\t<div class=\"elementor-column elementor-col-100 elementor-top-column elementor-element elementor-element-d4142cd\" data-id=\"d4142cd\" data-element_type=\"column\">\n\t\t\t<div class=\"elementor-widget-wrap elementor-element-populated\">\n\t\t\t\t\t\t<div class=\"elementor-element elementor-element-e2ec9fb elementor-widget elementor-widget-heading\" data-id=\"e2ec9fb\" data-element_type=\"widget\" data-widget_type=\"heading.default\">\n\t\t\t\t<div class=\"elementor-widget-container\">\n\t\t\t\t\t<h2 class=\"elementor-heading-title elementor-size-default\">FAQ on financial and pension planning<\/h2>\t\t\t\t<\/div>\n\t\t\t\t<\/div>\n\t\t\t\t<div class=\"elementor-element elementor-element-609c90b elementor-widget elementor-widget-n-accordion\" data-id=\"609c90b\" data-element_type=\"widget\" data-settings=\"{&quot;default_state&quot;:&quot;all_collapsed&quot;,&quot;max_items_expended&quot;:&quot;multiple&quot;,&quot;n_accordion_animation_duration&quot;:{&quot;unit&quot;:&quot;ms&quot;,&quot;size&quot;:400,&quot;sizes&quot;:[]}}\" data-widget_type=\"nested-accordion.default\">\n\t\t\t\t<div class=\"elementor-widget-container\">\n\t\t\t\t\t\t\t<div class=\"e-n-accordion\" aria-label=\"Accordion. Open links with Enter or Space, close with Escape, and navigate with Arrow Keys\">\n\t\t\t\t\t\t<details id=\"e-n-accordion-item-1010\" class=\"e-n-accordion-item\" >\n\t\t\t\t<summary class=\"e-n-accordion-item-title\" data-accordion-index=\"1\" tabindex=\"0\" aria-expanded=\"false\" aria-controls=\"e-n-accordion-item-1010\" >\n\t\t\t\t\t<span class='e-n-accordion-item-title-header'><div class=\"e-n-accordion-item-title-text\"> When is it worth buying into the pension fund? <\/div><\/span>\n\t\t\t\t\t\t\t<span class='e-n-accordion-item-title-icon'>\n\t\t\t<span class='e-opened' ><i aria-hidden=\"true\" class=\"fas fa-chevron-up\"><\/i><\/span>\n\t\t\t<span class='e-closed'><i aria-hidden=\"true\" class=\"fas fa-chevron-down\"><\/i><\/span>\n\t\t<\/span>\n\n\t\t\t\t\t\t<\/summary>\n\t\t\t\t<div data-particle_enable=\"false\" data-particle-mobile-disabled=\"false\" role=\"region\" aria-labelledby=\"e-n-accordion-item-1010\" class=\"elementor-element elementor-element-5d8c5e3 e-con-full e-flex e-con e-child\" data-id=\"5d8c5e3\" data-element_type=\"container\">\n\t\t\t\t<div class=\"elementor-element elementor-element-676f3b8 elementor-widget elementor-widget-text-editor\" data-id=\"676f3b8\" data-element_type=\"widget\" data-widget_type=\"text-editor.default\">\n\t\t\t\t<div class=\"elementor-widget-container\">\n\t\t\t\t\t\t\t\t\t<p>Buying into the pension fund is particularly worthwhile if you want to close existing pension gaps or increase your future retirement pension. At the same time, it offers tax advantages, as the amounts paid in can be deducted from taxable income. However, whether a purchase makes sense depends heavily on your personal situation. This includes, for example, the planned retirement age, the family situation or the planned date of withdrawal. The quality of the existing pension plan of the pension fund and the question of whether the regulations provide for a refund are also decisive.<\/p>\t\t\t\t\t\t\t\t<\/div>\n\t\t\t\t<\/div>\n\t\t\t\t<\/div>\n\t\t\t\t\t<\/details>\n\t\t\t\t\t\t<details id=\"e-n-accordion-item-1011\" class=\"e-n-accordion-item\" >\n\t\t\t\t<summary class=\"e-n-accordion-item-title\" data-accordion-index=\"2\" tabindex=\"-1\" aria-expanded=\"false\" aria-controls=\"e-n-accordion-item-1011\" >\n\t\t\t\t\t<span class='e-n-accordion-item-title-header'><div class=\"e-n-accordion-item-title-text\"> How do pension fund purchases affect taxes? <\/div><\/span>\n\t\t\t\t\t\t\t<span class='e-n-accordion-item-title-icon'>\n\t\t\t<span class='e-opened' ><i aria-hidden=\"true\" class=\"fas fa-chevron-up\"><\/i><\/span>\n\t\t\t<span class='e-closed'><i aria-hidden=\"true\" class=\"fas fa-chevron-down\"><\/i><\/span>\n\t\t<\/span>\n\n\t\t\t\t\t\t<\/summary>\n\t\t\t\t<div data-particle_enable=\"false\" data-particle-mobile-disabled=\"false\" role=\"region\" aria-labelledby=\"e-n-accordion-item-1011\" class=\"elementor-element elementor-element-1d69356 e-con-full e-flex e-con e-child\" data-id=\"1d69356\" data-element_type=\"container\">\n\t\t\t\t<div class=\"elementor-element elementor-element-f276b27 elementor-widget elementor-widget-text-editor\" data-id=\"f276b27\" data-element_type=\"widget\" data-widget_type=\"text-editor.default\">\n\t\t\t\t<div class=\"elementor-widget-container\">\n\t\t\t\t\t\t\t\t\t<p>Payments into the pension fund can be deducted in full from taxable income in Switzerland. This often significantly reduces income tax in the year of purchase. However, it is also important to keep an eye on taxation in old age: If pension assets are later withdrawn as a lump sum, one-off capital gains tax will be payable depending on your place of residence. Forward-looking tax planning is therefore crucial in order to maximise the tax advantage of pension fund purchases.<\/p>\t\t\t\t\t\t\t\t<\/div>\n\t\t\t\t<\/div>\n\t\t\t\t<\/div>\n\t\t\t\t\t<\/details>\n\t\t\t\t\t\t<details id=\"e-n-accordion-item-1012\" class=\"e-n-accordion-item\" >\n\t\t\t\t<summary class=\"e-n-accordion-item-title\" data-accordion-index=\"3\" tabindex=\"-1\" aria-expanded=\"false\" aria-controls=\"e-n-accordion-item-1012\" >\n\t\t\t\t\t<span class='e-n-accordion-item-title-header'><div class=\"e-n-accordion-item-title-text\"> Should I draw a pension on retirement or opt for a lump sum? <\/div><\/span>\n\t\t\t\t\t\t\t<span class='e-n-accordion-item-title-icon'>\n\t\t\t<span class='e-opened' ><i aria-hidden=\"true\" class=\"fas fa-chevron-up\"><\/i><\/span>\n\t\t\t<span class='e-closed'><i aria-hidden=\"true\" class=\"fas fa-chevron-down\"><\/i><\/span>\n\t\t<\/span>\n\n\t\t\t\t\t\t<\/summary>\n\t\t\t\t<div data-particle_enable=\"false\" data-particle-mobile-disabled=\"false\" role=\"region\" aria-labelledby=\"e-n-accordion-item-1012\" class=\"elementor-element elementor-element-24a9464 e-con-full e-flex e-con e-child\" data-id=\"24a9464\" data-element_type=\"container\">\n\t\t\t\t<div class=\"elementor-element elementor-element-67c5d13 elementor-widget elementor-widget-text-editor\" data-id=\"67c5d13\" data-element_type=\"widget\" data-widget_type=\"text-editor.default\">\n\t\t\t\t<div class=\"elementor-widget-container\">\n\t\t\t\t\t\t\t\t\t<p>Whether you choose a lifelong pension or a lump-sum payment from the pension fund when you retire is one of the most important decisions in pension planning. The pension offers security through regular payments until the end of your life, while the lump-sum payment means more flexibility, but also more personal responsibility. The options also differ from a tax perspective: pensions are taxed annually as income, while lump-sum withdrawals are taxed once at a reduced rate. Which option suits you better depends on your personal goals, willingness to take risks and family situation.<\/p>\t\t\t\t\t\t\t\t<\/div>\n\t\t\t\t<\/div>\n\t\t\t\t<\/div>\n\t\t\t\t\t<\/details>\n\t\t\t\t\t\t<details id=\"e-n-accordion-item-1013\" class=\"e-n-accordion-item\" >\n\t\t\t\t<summary class=\"e-n-accordion-item-title\" data-accordion-index=\"4\" tabindex=\"-1\" aria-expanded=\"false\" aria-controls=\"e-n-accordion-item-1013\" >\n\t\t\t\t\t<span class='e-n-accordion-item-title-header'><div class=\"e-n-accordion-item-title-text\"> Can I afford to take early retirement? What do I need to bear in mind? <\/div><\/span>\n\t\t\t\t\t\t\t<span class='e-n-accordion-item-title-icon'>\n\t\t\t<span class='e-opened' ><i aria-hidden=\"true\" class=\"fas fa-chevron-up\"><\/i><\/span>\n\t\t\t<span class='e-closed'><i aria-hidden=\"true\" class=\"fas fa-chevron-down\"><\/i><\/span>\n\t\t<\/span>\n\n\t\t\t\t\t\t<\/summary>\n\t\t\t\t<div data-particle_enable=\"false\" data-particle-mobile-disabled=\"false\" role=\"region\" aria-labelledby=\"e-n-accordion-item-1013\" class=\"elementor-element elementor-element-21ff85b e-con-full e-flex e-con e-child\" data-id=\"21ff85b\" data-element_type=\"container\">\n\t\t\t\t<div class=\"elementor-element elementor-element-5b0c24c elementor-widget elementor-widget-text-editor\" data-id=\"5b0c24c\" data-element_type=\"widget\" data-widget_type=\"text-editor.default\">\n\t\t\t\t<div class=\"elementor-widget-container\">\n\t\t\t\t\t\t\t\t\t<p>Early retirement in Switzerland is possible in principle, but means that income is lost earlier and pension assets have to last longer. Factors such as existing assets, AHV and pension fund entitlements and the current cost of living are decisive.<\/p>\t\t\t\t\t\t\t\t<\/div>\n\t\t\t\t<\/div>\n\t\t\t\t<\/div>\n\t\t\t\t\t<\/details>\n\t\t\t\t\t\t<details id=\"e-n-accordion-item-1014\" class=\"e-n-accordion-item\" >\n\t\t\t\t<summary class=\"e-n-accordion-item-title\" data-accordion-index=\"5\" tabindex=\"-1\" aria-expanded=\"false\" aria-controls=\"e-n-accordion-item-1014\" >\n\t\t\t\t\t<span class='e-n-accordion-item-title-header'><div class=\"e-n-accordion-item-title-text\"> Can I keep the house after I retire? <\/div><\/span>\n\t\t\t\t\t\t\t<span class='e-n-accordion-item-title-icon'>\n\t\t\t<span class='e-opened' ><i aria-hidden=\"true\" class=\"fas fa-chevron-up\"><\/i><\/span>\n\t\t\t<span class='e-closed'><i aria-hidden=\"true\" class=\"fas fa-chevron-down\"><\/i><\/span>\n\t\t<\/span>\n\n\t\t\t\t\t\t<\/summary>\n\t\t\t\t<div data-particle_enable=\"false\" data-particle-mobile-disabled=\"false\" role=\"region\" aria-labelledby=\"e-n-accordion-item-1014\" class=\"elementor-element elementor-element-db25772 e-con-full e-flex e-con e-child\" data-id=\"db25772\" data-element_type=\"container\">\n\t\t\t\t<div class=\"elementor-element elementor-element-a6032ce elementor-widget elementor-widget-text-editor\" data-id=\"a6032ce\" data-element_type=\"widget\" data-widget_type=\"text-editor.default\">\n\t\t\t\t<div class=\"elementor-widget-container\">\n\t\t\t\t\t\t\t\t\t<p>Owning a home in old age can provide security, but is often associated with high fixed costs, such as maintenance, mortgage interest and ancillary costs. If you plan early, you can ensure that these costs remain affordable after retirement. The amount of the mortgage also influences taxable income and assets.<\/p>\t\t\t\t\t\t\t\t<\/div>\n\t\t\t\t<\/div>\n\t\t\t\t<\/div>\n\t\t\t\t\t<\/details>\n\t\t\t\t\t\t<details id=\"e-n-accordion-item-1015\" class=\"e-n-accordion-item\" >\n\t\t\t\t<summary class=\"e-n-accordion-item-title\" data-accordion-index=\"6\" tabindex=\"-1\" aria-expanded=\"false\" aria-controls=\"e-n-accordion-item-1015\" >\n\t\t\t\t\t<span class='e-n-accordion-item-title-header'><div class=\"e-n-accordion-item-title-text\"> When does financial or pension planning make sense? <\/div><\/span>\n\t\t\t\t\t\t\t<span class='e-n-accordion-item-title-icon'>\n\t\t\t<span class='e-opened' ><i aria-hidden=\"true\" class=\"fas fa-chevron-up\"><\/i><\/span>\n\t\t\t<span class='e-closed'><i aria-hidden=\"true\" class=\"fas fa-chevron-down\"><\/i><\/span>\n\t\t<\/span>\n\n\t\t\t\t\t\t<\/summary>\n\t\t\t\t<div data-particle_enable=\"false\" data-particle-mobile-disabled=\"false\" role=\"region\" aria-labelledby=\"e-n-accordion-item-1015\" class=\"elementor-element elementor-element-71ce0af e-con-full e-flex e-con e-child\" data-id=\"71ce0af\" data-element_type=\"container\">\n\t\t\t\t<div class=\"elementor-element elementor-element-52daa95 elementor-widget elementor-widget-text-editor\" data-id=\"52daa95\" data-element_type=\"widget\" data-widget_type=\"text-editor.default\">\n\t\t\t\t<div class=\"elementor-widget-container\">\n\t\t\t\t\t\t\t\t\t<p>Pension planning is generally recommended from around the age of 50, although it is never too early to address this issue. In this phase of life, financial goals can be clearly defined, optimisation options can be examined and tax advantages can be used, which expands the scope for action for the future. In-depth planning is advisable from the age of 55 at the latest in order to recognise any pension gaps and to be able to precisely assess the individual starting position.<\/p>\t\t\t\t\t\t\t\t<\/div>\n\t\t\t\t<\/div>\n\t\t\t\t<\/div>\n\t\t\t\t\t<\/details>\n\t\t\t\t\t\t<details id=\"e-n-accordion-item-1016\" class=\"e-n-accordion-item\" >\n\t\t\t\t<summary class=\"e-n-accordion-item-title\" data-accordion-index=\"7\" tabindex=\"-1\" aria-expanded=\"false\" aria-controls=\"e-n-accordion-item-1016\" >\n\t\t\t\t\t<span class='e-n-accordion-item-title-header'><div class=\"e-n-accordion-item-title-text\"> How do I create a holistic financial plan that takes taxes, pensions, property and inheritance into account? <\/div><\/span>\n\t\t\t\t\t\t\t<span class='e-n-accordion-item-title-icon'>\n\t\t\t<span class='e-opened' ><i aria-hidden=\"true\" class=\"fas fa-chevron-up\"><\/i><\/span>\n\t\t\t<span class='e-closed'><i aria-hidden=\"true\" class=\"fas fa-chevron-down\"><\/i><\/span>\n\t\t<\/span>\n\n\t\t\t\t\t\t<\/summary>\n\t\t\t\t<div data-particle_enable=\"false\" data-particle-mobile-disabled=\"false\" role=\"region\" aria-labelledby=\"e-n-accordion-item-1016\" class=\"elementor-element elementor-element-cd4b312 e-con-full e-flex e-con e-child\" data-id=\"cd4b312\" data-element_type=\"container\">\n\t\t\t\t<div class=\"elementor-element elementor-element-dc86cbc elementor-widget elementor-widget-text-editor\" data-id=\"dc86cbc\" data-element_type=\"widget\" data-widget_type=\"text-editor.default\">\n\t\t\t\t<div class=\"elementor-widget-container\">\n\t\t\t\t\t\t\t\t\t<p>Holistic financial planning combines different areas of life: income and expenditure, taxes, pension provision (AHV, pension fund, pillar 3a), property financing and estate and inheritance planning. The advantage is that interactions can be recognised at an early stage, for example how a pension fund withdrawal affects taxes or home ownership. Professional financial planning ensures that all factors interact and that you have long-term clarity about your own financial situation.<\/p>\t\t\t\t\t\t\t\t<\/div>\n\t\t\t\t<\/div>\n\t\t\t\t<\/div>\n\t\t\t\t\t<\/details>\n\t\t\t\t\t<\/div>\n\t\t\t\t\t\t<\/div>\n\t\t\t\t<\/div>\n\t\t\t\t\t<\/div>\n\t\t<\/div>\n\t\t\t\t\t<\/div>\n\t\t<\/section>\n\t\t\t\t<\/div>","protected":false},"excerpt":{"rendered":"<p>Basel geh\u00f6rt zu den wirtschaftlich, kulturell und gesellschaftlich bedeutendsten Regionen der Schweiz. Die Lage im Dreil\u00e4ndereck, die hohe Lebensqualit\u00e4t, ein vielf\u00e4ltiges kulturelles Angebot sowie eine ausgezeichnete medizinische Versorgung machen Basel f\u00fcr viele Menschen zu einem attraktiven Wohn- und Arbeitsort, auch \u00fcber das Erwerbsleben hinaus. Gleichzeitig ist die Region durch ihre kantonale Struktur gepr\u00e4gt, die im [&hellip;]<\/p>","protected":false},"author":1,"featured_media":0,"parent":0,"menu_order":0,"comment_status":"closed","ping_status":"closed","template":"elementor_header_footer","meta":{"_acf_changed":false,"inline_featured_image":false,"footnotes":""},"class_list":["post-6981","page","type-page","status-publish","hentry"],"acf":[],"publishpress_future_action":{"enabled":false,"date":"2026-05-04 16:59:07","action":"change-status","newStatus":"draft","terms":[],"taxonomy":"","extraData":[]},"publishpress_future_workflow_manual_trigger":{"enabledWorkflows":[]},"_links":{"self":[{"href":"https:\/\/finberg.ch\/en\/wp-json\/wp\/v2\/pages\/6981","targetHints":{"allow":["GET"]}}],"collection":[{"href":"https:\/\/finberg.ch\/en\/wp-json\/wp\/v2\/pages"}],"about":[{"href":"https:\/\/finberg.ch\/en\/wp-json\/wp\/v2\/types\/page"}],"author":[{"embeddable":true,"href":"https:\/\/finberg.ch\/en\/wp-json\/wp\/v2\/users\/1"}],"replies":[{"embeddable":true,"href":"https:\/\/finberg.ch\/en\/wp-json\/wp\/v2\/comments?post=6981"}],"version-history":[{"count":22,"href":"https:\/\/finberg.ch\/en\/wp-json\/wp\/v2\/pages\/6981\/revisions"}],"predecessor-version":[{"id":7111,"href":"https:\/\/finberg.ch\/en\/wp-json\/wp\/v2\/pages\/6981\/revisions\/7111"}],"wp:attachment":[{"href":"https:\/\/finberg.ch\/en\/wp-json\/wp\/v2\/media?parent=6981"}],"curies":[{"name":"wp","href":"https:\/\/api.w.org\/{rel}","templated":true}]}}