{"id":6939,"date":"2026-02-03T12:23:41","date_gmt":"2026-02-03T11:23:41","guid":{"rendered":"https:\/\/finberg.ch\/?page_id=6939"},"modified":"2026-02-05T11:16:49","modified_gmt":"2026-02-05T10:16:49","slug":"pension-planning-2","status":"publish","type":"page","link":"https:\/\/finberg.ch\/en\/pension-planning-2\/","title":{"rendered":"Pension planning for the self-employed"},"content":{"rendered":"<div data-elementor-type=\"wp-page\" data-elementor-id=\"6939\" class=\"elementor elementor-6939\" data-elementor-post-type=\"page\">\n\t\t\t\t\t\t<section data-particle_enable=\"false\" data-particle-mobile-disabled=\"false\" class=\"elementor-section elementor-top-section elementor-element elementor-element-3c9510d1 elementor-section-full_width elementor-section-height-default elementor-section-height-default\" data-id=\"3c9510d1\" data-element_type=\"section\" data-settings=\"{&quot;background_background&quot;:&quot;classic&quot;}\">\n\t\t\t\t\t\t<div class=\"elementor-container elementor-column-gap-default\">\n\t\t\t\t\t<div class=\"elementor-column elementor-col-100 elementor-top-column elementor-element elementor-element-35f1dd37\" data-id=\"35f1dd37\" data-element_type=\"column\">\n\t\t\t<div class=\"elementor-widget-wrap elementor-element-populated\">\n\t\t\t\t\t\t<div class=\"elementor-element elementor-element-65574c38 elementor-widget elementor-widget-heading\" data-id=\"65574c38\" data-element_type=\"widget\" data-widget_type=\"heading.default\">\n\t\t\t\t<div class=\"elementor-widget-container\">\n\t\t\t\t\t<h2 class=\"elementor-heading-title elementor-size-default\">Pension planning for the self-employed<\/h2>\t\t\t\t<\/div>\n\t\t\t\t<\/div>\n\t\t\t\t\t<\/div>\n\t\t<\/div>\n\t\t\t\t\t<\/div>\n\t\t<\/section>\n\t\t\t\t<section data-particle_enable=\"false\" data-particle-mobile-disabled=\"false\" class=\"elementor-section elementor-top-section elementor-element elementor-element-ec976f4 elementor-section-boxed elementor-section-height-default elementor-section-height-default\" data-id=\"ec976f4\" data-element_type=\"section\">\n\t\t\t\t\t\t<div class=\"elementor-container elementor-column-gap-default\">\n\t\t\t\t\t<div class=\"elementor-column elementor-col-100 elementor-top-column elementor-element elementor-element-a6f630b\" data-id=\"a6f630b\" data-element_type=\"column\">\n\t\t\t<div class=\"elementor-widget-wrap elementor-element-populated\">\n\t\t\t\t\t\t<div class=\"elementor-element elementor-element-5c257e0 elementor-widget elementor-widget-heading\" data-id=\"5c257e0\" data-element_type=\"widget\" data-widget_type=\"heading.default\">\n\t\t\t\t<div class=\"elementor-widget-container\">\n\t\t\t\t\t<h2 class=\"elementor-heading-title elementor-size-default\">Security and clarity for your future<\/h2>\t\t\t\t<\/div>\n\t\t\t\t<\/div>\n\t\t\t\t<div class=\"elementor-element elementor-element-a458f21 elementor-widget elementor-widget-text-editor\" data-id=\"a458f21\" data-element_type=\"widget\" data-widget_type=\"text-editor.default\">\n\t\t\t\t<div class=\"elementor-widget-container\">\n\t\t\t\t\t\t\t\t\t<p style=\"text-align: left;\">\"A goal without a plan is just a wish\".<\/p><p data-start=\"273\" data-end=\"732\">Independence means freedom, your own decisions, your own success, your own <a href=\"https:\/\/www.kmu.admin.ch\/kmu\/de\/home\/aktuell\/monatsthema\/2024\/altersvorsorge-bei-selbststaendigen-was-man-wissen-sollte.html\" target=\"_blank\" rel=\"noopener\">Responsibility<\/a>. But it is precisely this freedom that poses a particular challenge: anyone who works independently also bears full responsibility for their own financial future. There is no automatic BVG connection or standardised pension solutions that run in the background. What is not planned does not happen by itself.<\/p><h3 data-start=\"739\" data-end=\"785\">Why holistic pension planning is important for the self-employed<\/h3><p data-start=\"787\" data-end=\"1257\">Especially as an entrepreneur or self-employed person, income fluctuates, assets are often held in your own company or in property and private and business issues intertwine. Targeted pension planning creates structure, brings clarity and enables decisions to be made consciously and at the right time. Those who understand how private and business areas interact recognise opportunities, minimise risks and gain security in their actions.<\/p><h3 data-start=\"1264\" data-end=\"1317\">Customised planning for flexibility and freedom<\/h3><p data-start=\"1319\" data-end=\"1777\">A forward-looking <a href=\"https:\/\/finberg.ch\/en\/advisor-category\/pension-planning\/\">Pension planning<\/a> for the self-employed does not mean restrictions, on the contrary: those who start early remain flexible. Whether expanding your business, reducing your workload, gradual withdrawal or a clearly defined retirement. Pension planning makes options visible and goals realisable. As an experienced partner, we take a holistic view of your personal situation, from your current income structure to life after self-employment.<\/p><p data-start=\"1779\" data-end=\"1955\">The result is a personalised pension plan that sensibly combines financial, tax and personal aspects and provides orientation when clarity is crucial.<\/p><h2 data-start=\"1291\" data-end=\"1353\">Pension planning process for the self-employed<\/h2><p data-start=\"1355\" data-end=\"1588\">Pension planning becomes tangible when it is translated into concrete steps.<\/p><ul data-start=\"1616\" data-end=\"2134\"><li data-start=\"1616\" data-end=\"1736\"><p data-start=\"1618\" data-end=\"1736\"><strong data-start=\"1618\" data-end=\"1651\">Financial inventory:<\/strong> Record income, expenses, company values, assets and existing provisions.<\/p><\/li><li data-start=\"1737\" data-end=\"1874\"><p data-start=\"1739\" data-end=\"1874\"><strong data-start=\"1739\" data-end=\"1764\">Strategy development:<\/strong> Define goals and needs, select tax-optimised pension and investment solutions, plan liquidity and reserves.<\/p><\/li><li data-start=\"1875\" data-end=\"2001\"><p data-start=\"1877\" data-end=\"2001\"><strong data-start=\"1877\" data-end=\"1891\">Realisation:<\/strong> Building up private pension provision and integrating entrepreneurial aspects.<\/p><\/li><li data-start=\"2002\" data-end=\"2134\"><p data-start=\"2004\" data-end=\"2134\"><strong data-start=\"2004\" data-end=\"2033\">Regular review:<\/strong> Adapt planning to business developments, market conditions or personal life goals.<\/p><\/li><\/ul><div><span style=\"font-size: 1rem;\">\u00a0<\/span><\/div><div><img fetchpriority=\"high\" decoding=\"async\" class=\"wp-image-7015 size-large\" src=\"https:\/\/finberg.ch\/wp-content\/uploads\/2026\/02\/Beispiel-Omnium-Pensionsplanung-1024x500.png\" alt=\"Pension planning for the self-employed\" width=\"800\" height=\"391\" srcset=\"https:\/\/finberg.ch\/wp-content\/uploads\/2026\/02\/Beispiel-Omnium-Pensionsplanung-1024x500.png 1024w, https:\/\/finberg.ch\/wp-content\/uploads\/2026\/02\/Beispiel-Omnium-Pensionsplanung-300x147.png 300w, https:\/\/finberg.ch\/wp-content\/uploads\/2026\/02\/Beispiel-Omnium-Pensionsplanung-768x375.png 768w, https:\/\/finberg.ch\/wp-content\/uploads\/2026\/02\/Beispiel-Omnium-Pensionsplanung-1536x751.png 1536w, https:\/\/finberg.ch\/wp-content\/uploads\/2026\/02\/Beispiel-Omnium-Pensionsplanung-18x9.png 18w, https:\/\/finberg.ch\/wp-content\/uploads\/2026\/02\/Beispiel-Omnium-Pensionsplanung.png 1862w\" sizes=\"(max-width: 800px) 100vw, 800px\" \/> <br \/><em>Example Omnium: Pension planning for the self-employed<\/em><\/div><div>\u00a0<\/div><p data-start=\"2056\" data-end=\"2544\">Pension planning is not a one-off step, but an ongoing process. We support you from analysing your current situation to developing tailor-made strategies and implementing them. Regular reviews ensure that your planning is always adapted to your current situation and that you can react flexibly to changes, whether in the company, in the tax environment or in your private life.<\/p><p data-start=\"227\" data-end=\"289\">Our advice - your added value:\u00a0<span style=\"font-size: 1rem;\">We look forward to supporting you with your holistic pension planning.<\/span><\/p>\t\t\t\t\t\t\t\t<\/div>\n\t\t\t\t<\/div>\n\t\t\t\t<div class=\"elementor-element elementor-element-29c7683 elementor-align-left elementor-mobile-align-center elementor-widget elementor-widget-button\" data-id=\"29c7683\" data-element_type=\"widget\" data-widget_type=\"button.default\">\n\t\t\t\t<div class=\"elementor-widget-container\">\n\t\t\t\t\t\t\t\t\t<div class=\"elementor-button-wrapper\">\n\t\t\t\t\t<a class=\"elementor-button elementor-button-link elementor-size-sm\" href=\"https:\/\/finberg.ch\/en\/contact-counselling\/\">\n\t\t\t\t\t\t<span class=\"elementor-button-content-wrapper\">\n\t\t\t\t\t\t\t\t\t<span class=\"elementor-button-text\">Arrange to get to know each other<\/span>\n\t\t\t\t\t<\/span>\n\t\t\t\t\t<\/a>\n\t\t\t\t<\/div>\n\t\t\t\t\t\t\t\t<\/div>\n\t\t\t\t<\/div>\n\t\t\t\t\t<\/div>\n\t\t<\/div>\n\t\t\t\t\t<\/div>\n\t\t<\/section>\n\t\t\t\t<section data-particle_enable=\"false\" data-particle-mobile-disabled=\"false\" class=\"elementor-section elementor-top-section elementor-element elementor-element-01b01b0 elementor-section-boxed elementor-section-height-default elementor-section-height-default\" data-id=\"01b01b0\" data-element_type=\"section\">\n\t\t\t\t\t\t<div class=\"elementor-container elementor-column-gap-default\">\n\t\t\t\t\t<div class=\"elementor-column elementor-col-100 elementor-top-column elementor-element elementor-element-451716c\" data-id=\"451716c\" data-element_type=\"column\">\n\t\t\t<div class=\"elementor-widget-wrap\">\n\t\t\t\t\t\t\t<\/div>\n\t\t<\/div>\n\t\t\t\t\t<\/div>\n\t\t<\/section>\n\t\t\t\t<section data-particle_enable=\"false\" data-particle-mobile-disabled=\"false\" class=\"elementor-section elementor-top-section elementor-element elementor-element-901132f elementor-reverse-mobile elementor-section-boxed elementor-section-height-default elementor-section-height-default\" data-id=\"901132f\" data-element_type=\"section\">\n\t\t\t\t\t\t<div class=\"elementor-container elementor-column-gap-default\">\n\t\t\t\t\t<div class=\"elementor-column elementor-col-100 elementor-top-column elementor-element elementor-element-d4142cd\" data-id=\"d4142cd\" data-element_type=\"column\">\n\t\t\t<div class=\"elementor-widget-wrap elementor-element-populated\">\n\t\t\t\t\t\t<div class=\"elementor-element elementor-element-e2ec9fb elementor-widget elementor-widget-heading\" data-id=\"e2ec9fb\" data-element_type=\"widget\" data-widget_type=\"heading.default\">\n\t\t\t\t<div class=\"elementor-widget-container\">\n\t\t\t\t\t<h2 class=\"elementor-heading-title elementor-size-default\">FAQ on financial and pension planning for the self-employed<\/h2>\t\t\t\t<\/div>\n\t\t\t\t<\/div>\n\t\t\t\t<div class=\"elementor-element elementor-element-609c90b elementor-widget elementor-widget-n-accordion\" data-id=\"609c90b\" data-element_type=\"widget\" data-settings=\"{&quot;default_state&quot;:&quot;all_collapsed&quot;,&quot;max_items_expended&quot;:&quot;multiple&quot;,&quot;n_accordion_animation_duration&quot;:{&quot;unit&quot;:&quot;ms&quot;,&quot;size&quot;:400,&quot;sizes&quot;:[]}}\" data-widget_type=\"nested-accordion.default\">\n\t\t\t\t<div class=\"elementor-widget-container\">\n\t\t\t\t\t\t\t<div class=\"e-n-accordion\" aria-label=\"Accordion. Open links with Enter or Space, close with Escape, and navigate with Arrow Keys\">\n\t\t\t\t\t\t<details id=\"e-n-accordion-item-1010\" class=\"e-n-accordion-item\" >\n\t\t\t\t<summary class=\"e-n-accordion-item-title\" data-accordion-index=\"1\" tabindex=\"0\" aria-expanded=\"false\" aria-controls=\"e-n-accordion-item-1010\" >\n\t\t\t\t\t<span class='e-n-accordion-item-title-header'><div class=\"e-n-accordion-item-title-text\"> Can I join a pension fund as a self-employed person? <\/div><\/span>\n\t\t\t\t\t\t\t<span class='e-n-accordion-item-title-icon'>\n\t\t\t<span class='e-opened' ><i aria-hidden=\"true\" class=\"fas fa-chevron-up\"><\/i><\/span>\n\t\t\t<span class='e-closed'><i aria-hidden=\"true\" class=\"fas fa-chevron-down\"><\/i><\/span>\n\t\t<\/span>\n\n\t\t\t\t\t\t<\/summary>\n\t\t\t\t<div data-particle_enable=\"false\" data-particle-mobile-disabled=\"false\" role=\"region\" aria-labelledby=\"e-n-accordion-item-1010\" class=\"elementor-element elementor-element-5d8c5e3 e-con-full e-flex e-con e-child\" data-id=\"5d8c5e3\" data-element_type=\"container\">\n\t\t\t\t<div class=\"elementor-element elementor-element-676f3b8 elementor-widget elementor-widget-text-editor\" data-id=\"676f3b8\" data-element_type=\"widget\" data-widget_type=\"text-editor.default\">\n\t\t\t\t<div class=\"elementor-widget-container\">\n\t\t\t\t\t\t\t\t\t<p>As a self-employed person with a sole proprietorship, you can voluntarily insure yourself in the 2nd pillar, for example through a pension fund. The relevant compensation fund will decide whether you are considered self-employed for social insurance purposes. If you do not have any employees, you can voluntarily join the 2nd pillar via a management association, an industry solution or the Substitute Occupational Benefit Institution. If you have employees, you also have the option of joining a collective foundation.<\/p>\t\t\t\t\t\t\t\t<\/div>\n\t\t\t\t<\/div>\n\t\t\t\t<\/div>\n\t\t\t\t\t<\/details>\n\t\t\t\t\t\t<details id=\"e-n-accordion-item-1011\" class=\"e-n-accordion-item\" >\n\t\t\t\t<summary class=\"e-n-accordion-item-title\" data-accordion-index=\"2\" tabindex=\"-1\" aria-expanded=\"false\" aria-controls=\"e-n-accordion-item-1011\" >\n\t\t\t\t\t<span class='e-n-accordion-item-title-header'><div class=\"e-n-accordion-item-title-text\"> Is early retirement possible as a self-employed person? <\/div><\/span>\n\t\t\t\t\t\t\t<span class='e-n-accordion-item-title-icon'>\n\t\t\t<span class='e-opened' ><i aria-hidden=\"true\" class=\"fas fa-chevron-up\"><\/i><\/span>\n\t\t\t<span class='e-closed'><i aria-hidden=\"true\" class=\"fas fa-chevron-down\"><\/i><\/span>\n\t\t<\/span>\n\n\t\t\t\t\t\t<\/summary>\n\t\t\t\t<div data-particle_enable=\"false\" data-particle-mobile-disabled=\"false\" role=\"region\" aria-labelledby=\"e-n-accordion-item-1011\" class=\"elementor-element elementor-element-21ff85b e-con-full e-flex e-con e-child\" data-id=\"21ff85b\" data-element_type=\"container\">\n\t\t\t\t<div class=\"elementor-element elementor-element-5b0c24c elementor-widget elementor-widget-text-editor\" data-id=\"5b0c24c\" data-element_type=\"widget\" data-widget_type=\"text-editor.default\">\n\t\t\t\t<div class=\"elementor-widget-container\">\n\t\t\t\t\t\t\t\t\t<p>Early retirement is possible as a self-employed person, but requires careful planning. Your pension assets, income structure and possible liquidity reserves are crucial. You need to check how early retirement will affect your AHV, 2nd and 3rd pillars as well as your taxes and business obligations. Personalised pension planning shows whether and when early retirement is financially feasible and what adjustments are necessary to ensure a carefree retirement.<\/p>\t\t\t\t\t\t\t\t<\/div>\n\t\t\t\t<\/div>\n\t\t\t\t<\/div>\n\t\t\t\t\t<\/details>\n\t\t\t\t\t\t<details id=\"e-n-accordion-item-1012\" class=\"e-n-accordion-item\" >\n\t\t\t\t<summary class=\"e-n-accordion-item-title\" data-accordion-index=\"3\" tabindex=\"-1\" aria-expanded=\"false\" aria-controls=\"e-n-accordion-item-1012\" >\n\t\t\t\t\t<span class='e-n-accordion-item-title-header'><div class=\"e-n-accordion-item-title-text\"> Self-employment and home ownership after retirement - what do I need to consider? <\/div><\/span>\n\t\t\t\t\t\t\t<span class='e-n-accordion-item-title-icon'>\n\t\t\t<span class='e-opened' ><i aria-hidden=\"true\" class=\"fas fa-chevron-up\"><\/i><\/span>\n\t\t\t<span class='e-closed'><i aria-hidden=\"true\" class=\"fas fa-chevron-down\"><\/i><\/span>\n\t\t<\/span>\n\n\t\t\t\t\t\t<\/summary>\n\t\t\t\t<div data-particle_enable=\"false\" data-particle-mobile-disabled=\"false\" role=\"region\" aria-labelledby=\"e-n-accordion-item-1012\" class=\"elementor-element elementor-element-db25772 e-con-full e-flex e-con e-child\" data-id=\"db25772\" data-element_type=\"container\">\n\t\t\t\t<div class=\"elementor-element elementor-element-a6032ce elementor-widget elementor-widget-text-editor\" data-id=\"a6032ce\" data-element_type=\"widget\" data-widget_type=\"text-editor.default\">\n\t\t\t\t<div class=\"elementor-widget-container\">\n\t\t\t\t\t\t\t\t\t<p data-pm-slice=\"1 1 []\">For many self-employed people, the AHV pension alone is often low, while a large proportion of their assets are tied up in the 3rd pillar or as liquidity in the company. Early planning with regard to home ownership and mortgages is therefore crucial.<\/p>\t\t\t\t\t\t\t\t<\/div>\n\t\t\t\t<\/div>\n\t\t\t\t<\/div>\n\t\t\t\t\t<\/details>\n\t\t\t\t\t\t<details id=\"e-n-accordion-item-1013\" class=\"e-n-accordion-item\" >\n\t\t\t\t<summary class=\"e-n-accordion-item-title\" data-accordion-index=\"4\" tabindex=\"-1\" aria-expanded=\"false\" aria-controls=\"e-n-accordion-item-1013\" >\n\t\t\t\t\t<span class='e-n-accordion-item-title-header'><div class=\"e-n-accordion-item-title-text\"> When does pension planning make sense for the self-employed? <\/div><\/span>\n\t\t\t\t\t\t\t<span class='e-n-accordion-item-title-icon'>\n\t\t\t<span class='e-opened' ><i aria-hidden=\"true\" class=\"fas fa-chevron-up\"><\/i><\/span>\n\t\t\t<span class='e-closed'><i aria-hidden=\"true\" class=\"fas fa-chevron-down\"><\/i><\/span>\n\t\t<\/span>\n\n\t\t\t\t\t\t<\/summary>\n\t\t\t\t<div data-particle_enable=\"false\" data-particle-mobile-disabled=\"false\" role=\"region\" aria-labelledby=\"e-n-accordion-item-1013\" class=\"elementor-element elementor-element-71ce0af e-con-full e-flex e-con e-child\" data-id=\"71ce0af\" data-element_type=\"container\">\n\t\t\t\t<div class=\"elementor-element elementor-element-52daa95 elementor-widget elementor-widget-text-editor\" data-id=\"52daa95\" data-element_type=\"widget\" data-widget_type=\"text-editor.default\">\n\t\t\t\t<div class=\"elementor-widget-container\">\n\t\t\t\t\t\t\t\t\t<p>Pension planning is generally recommended from around the age of 45 to 50, although it is never too early to start thinking about this topic. In this phase of life, financial goals can be clearly defined, optimisation options can be examined and tax advantages can be exploited, which expands the scope for action for the future. From the age of 50 at the latest, in-depth planning makes sense in order to recognise any pension gaps and to be able to precisely assess the individual starting position.<\/p>\t\t\t\t\t\t\t\t<\/div>\n\t\t\t\t<\/div>\n\t\t\t\t<\/div>\n\t\t\t\t\t<\/details>\n\t\t\t\t\t\t<details id=\"e-n-accordion-item-1014\" class=\"e-n-accordion-item\" >\n\t\t\t\t<summary class=\"e-n-accordion-item-title\" data-accordion-index=\"5\" tabindex=\"-1\" aria-expanded=\"false\" aria-controls=\"e-n-accordion-item-1014\" >\n\t\t\t\t\t<span class='e-n-accordion-item-title-header'><div class=\"e-n-accordion-item-title-text\"> How do I create a holistic financial plan that takes taxes, pensions, property and inheritance into account? <\/div><\/span>\n\t\t\t\t\t\t\t<span class='e-n-accordion-item-title-icon'>\n\t\t\t<span class='e-opened' ><i aria-hidden=\"true\" class=\"fas fa-chevron-up\"><\/i><\/span>\n\t\t\t<span class='e-closed'><i aria-hidden=\"true\" class=\"fas fa-chevron-down\"><\/i><\/span>\n\t\t<\/span>\n\n\t\t\t\t\t\t<\/summary>\n\t\t\t\t<div data-particle_enable=\"false\" data-particle-mobile-disabled=\"false\" role=\"region\" aria-labelledby=\"e-n-accordion-item-1014\" class=\"elementor-element elementor-element-cd4b312 e-con-full e-flex e-con e-child\" data-id=\"cd4b312\" data-element_type=\"container\">\n\t\t\t\t<div class=\"elementor-element elementor-element-dc86cbc elementor-widget elementor-widget-text-editor\" data-id=\"dc86cbc\" data-element_type=\"widget\" data-widget_type=\"text-editor.default\">\n\t\t\t\t<div class=\"elementor-widget-container\">\n\t\t\t\t\t\t\t\t\t<p>Holistic financial planning combines different areas of life: income and expenditure, taxes, pension provision (AHV, pension fund, pillar 3a), property financing and estate and inheritance planning. The advantage is that interactions can be recognised at an early stage, for example how a pension fund withdrawal affects taxes or home ownership. Professional financial planning ensures that all factors interact and that you have long-term clarity about your own financial situation.<\/p>\t\t\t\t\t\t\t\t<\/div>\n\t\t\t\t<\/div>\n\t\t\t\t<\/div>\n\t\t\t\t\t<\/details>\n\t\t\t\t\t<\/div>\n\t\t\t\t\t\t<\/div>\n\t\t\t\t<\/div>\n\t\t\t\t\t<\/div>\n\t\t<\/div>\n\t\t\t\t\t<\/div>\n\t\t<\/section>\n\t\t\t\t<\/div>","protected":false},"excerpt":{"rendered":"<p>Sicherheit und Klarheit f\u00fcr Ihre Zukunft &#8222;Ein Ziel ohne Plan ist nur ein Wunsch&#8220; Selbst\u00e4ndigkeit bedeutet Freiheit, eigene Entscheidungen, eigener Erfolg, eigene Verantwortung. Doch genau diese Freiheit bringt eine besondere Herausforderung: Wer selbst\u00e4ndig arbeitet, tr\u00e4gt auch die volle Verantwortung f\u00fcr die eigene finanzielle Zukunft. Es gibt keinen automatischen BVG-Anschluss oder standardisierte Vorsorgel\u00f6sungen, die im Hintergrund [&hellip;]<\/p>","protected":false},"author":1,"featured_media":0,"parent":0,"menu_order":0,"comment_status":"closed","ping_status":"closed","template":"elementor_header_footer","meta":{"_acf_changed":false,"inline_featured_image":false,"footnotes":""},"class_list":["post-6939","page","type-page","status-publish","hentry"],"acf":[],"publishpress_future_action":{"enabled":false,"date":"2026-05-04 17:07:18","action":"change-status","newStatus":"draft","terms":[],"taxonomy":"","extraData":[]},"publishpress_future_workflow_manual_trigger":{"enabledWorkflows":[]},"_links":{"self":[{"href":"https:\/\/finberg.ch\/en\/wp-json\/wp\/v2\/pages\/6939","targetHints":{"allow":["GET"]}}],"collection":[{"href":"https:\/\/finberg.ch\/en\/wp-json\/wp\/v2\/pages"}],"about":[{"href":"https:\/\/finberg.ch\/en\/wp-json\/wp\/v2\/types\/page"}],"author":[{"embeddable":true,"href":"https:\/\/finberg.ch\/en\/wp-json\/wp\/v2\/users\/1"}],"replies":[{"embeddable":true,"href":"https:\/\/finberg.ch\/en\/wp-json\/wp\/v2\/comments?post=6939"}],"version-history":[{"count":49,"href":"https:\/\/finberg.ch\/en\/wp-json\/wp\/v2\/pages\/6939\/revisions"}],"predecessor-version":[{"id":7115,"href":"https:\/\/finberg.ch\/en\/wp-json\/wp\/v2\/pages\/6939\/revisions\/7115"}],"wp:attachment":[{"href":"https:\/\/finberg.ch\/en\/wp-json\/wp\/v2\/media?parent=6939"}],"curies":[{"name":"wp","href":"https:\/\/api.w.org\/{rel}","templated":true}]}}